{"id":249,"date":"2020-04-14T16:52:25","date_gmt":"2020-04-14T14:52:25","guid":{"rendered":"https:\/\/robertaaresu.it\/informativa-sulla-privacy\/"},"modified":"2022-04-20T12:49:43","modified_gmt":"2022-04-20T10:49:43","slug":"informativa-sulla-privacy","status":"publish","type":"page","link":"https:\/\/robertaaresu.it\/it\/informativa-sulla-privacy\/","title":{"rendered":"Informativa sulla privacy"},"content":{"rendered":"<p>[et_pb_section fb_built=&#8221;1&#8243; admin_label=&#8221;Copy&#8221; module_id=&#8221;blog&#8221; _builder_version=&#8221;4.16&#8243; use_background_color_gradient=&#8221;on&#8221; background_color_gradient_stops=&#8221;#b3e5e6 0%|rgba(179,229,230,0) 15%&#8221; background_color_gradient_start=&#8221;#b3e5e6&#8243; background_color_gradient_end=&#8221;rgba(179,229,230,0)&#8221; background_color_gradient_end_position=&#8221;15%&#8221; min_height=&#8221;90vh&#8221; custom_padding=&#8221;153px||||false|false&#8221; collapsed=&#8221;off&#8221; global_colors_info=&#8221;{}&#8221;][et_pb_row _builder_version=&#8221;4.16&#8243; custom_margin=&#8221;||0px||false|false&#8221; custom_padding=&#8221;||0px||false|false&#8221; collapsed=&#8221;on&#8221; global_colors_info=&#8221;{}&#8221;][et_pb_column type=&#8221;4_4&#8243; _builder_version=&#8221;4.16&#8243; global_colors_info=&#8221;{}&#8221;][et_pb_text _builder_version=&#8221;4.17.1&#8243; hover_enabled=&#8221;0&#8243; global_colors_info=&#8221;{}&#8221; sticky_enabled=&#8221;0&#8243;]<\/p>\n<h1>Informativa sulla privacy<\/h1>\n<h2>Premessa<\/h2>\n<p>Qui di seguito troverete informazioni su come vengono trattati i vostri dati personali quando visitate il mio sito web. I dati personali sono tutti i dati con i quali potreste essere identificati personalmente, ad esempio il vostro indirizzo e-mail, il vostro nome, ecc. In qualit\u00e0 di responsabile, devo condividere con voi il motivo per cui raccolgo i vostri dati e come li elaboro. Poich\u00e9 rispetto la vostra privacy, lo faccio molto volentieri.<\/p>\n<h2>TL;DR<\/h2>\n<p>In breve, non ho alcun interesse a raccogliere e\/o trattare alcun tipo di informazione personale su persone che visitano semplicemente questo sito web. Alcuni dati tecnici saranno registrati nel backend soltanto in maniera temporanea, per rendere il sito leggibile dal vostro browser e per alcune statistiche completamente anonime.<\/p>\n<p>Quindi, in generale non ho bisogno dei vostri dati personali, a meno che non compiliate un modulo di contatto o lasciate un commento sul mio blog. Allora perch\u00e9 dovrei raccoglierli?<\/p>\n<h3>Andiamo nei dettagli&#8230;<\/h3>\n<p>I dati trasmessi via internet (ad es. via e-mail) possono essere soggetti a violazioni della sicurezza. Non \u00e8 possibile proteggere completamente i vostri dati dall&#8217;accesso di terzi.<\/p>\n<p><strong>Chi \u00e8 responsabile della raccolta dei dati su questo sito web?<\/strong><\/p>\n<p><strong class=\"wv-text--strong\">Roberta Aresu<br \/> <\/strong><span>Am Moosgraben 31<br \/>\n82272 Moorenweis<\/span><br \/> <span>Germania<\/span><\/p>\n<p><span>Telefono: <\/span><span class=\"wv-text wv-text--body\">+49.151.266.57827<\/span><br \/> <span>Email: <\/span><span class=\"wv-text wv-text--body\">info@robertaaresu.it<\/span><\/p>\n<p>Il responsabile \u00e8 la persona fisica o giuridica che, da sola o congiuntamente ad altri, decide in merito alle finalit\u00e0 e alle modalit\u00e0 del trattamento dei dati personali (nomi, indirizzi e-mail, ecc.).<\/p>\n<p><strong>Come posso raccogliere i vostri dati?<\/strong><\/p>\n<p>Alcuni dati vengono raccolti quando me li fornite. Potrebbero essere, ad es., i dati che inserite in un modulo di contatto o quando commentate uno dei miei post sul blog.<\/p>\n<p>Altri dati vengono raccolti automaticamente dai miei sistemi informatici quando visitate questo sito. Si tratta principalmente di dati tecnici come il browser e il sistema operativo che state utilizzando o l&#8217;ora e la data della vostra visita virtuale. Questi dati vengono rilevati automaticamente non appena si accede al mio sito web.<\/p>\n<p><strong>A quale fine utilizzo i vostri dati?<\/strong><\/p>\n<p>Una parte dei dati viene raccolta per garantire il corretto funzionamento e la sicurezza di questo sito web. Altri dati possono essere utilizzati per analizzare il modo in cui i visitatori utilizzano il sito; a questo scopo i dati sono resi anonimi. Inoltre, ho bisogno dei vostri dati personali per rispondere alle richieste che inviate attraverso il mio modulo di contatto.<\/p>\n<p><strong>Quali diritti avete sui vostri dati?<\/strong><\/p>\n<p>Avete sempre il diritto di richiedere un rapporto completo sui vostri dati memorizzati, la loro origine, i loro destinatari e lo scopo della loro raccolta. Queste informazioni vi vengono fornite gratuitamente una volta all&#8217;anno. Se avete bisogno di un rapporto completo pi\u00f9 di una volta nell&#8217;arco di un anno solare, addebiter\u00f2 129 Euro (IVA esclusa) per ogni richiesta.<br \/> Per motivi di identificazione, ogni richiesta deve essere presentata per iscritto e inviata tramite servizio postale (vedi indirizzo postale sopra). Si prega di includere una copia del vostro documento d&#8217;identit\u00e0.<br \/> Inoltre, avete il diritto di richiedere in qualsiasi momento e gratuitamente la correzione, il blocco o la cancellazione dei vostri dati.<\/p>\n<p>Molte operazioni di trattamento dei dati sono possibili solo con il vostro consenso espresso. Il consenso pu\u00f2 essere revocato in qualsiasi momento con un&#8217;e-mail informale. I dati trattati prima della vostra richiesta possono comunque essere trattati legalmente.<\/p>\n<p><strong>In caso si voglia presentare un reclamo alle autorit\u00e0 di regolamentazione<\/strong><\/p>\n<p>Se siete stati interessati da una violazione della protezione dei dati, potete presentare un reclamo alle autorit\u00e0 di regolamentazione competenti. L&#8217;autorit\u00e0 di regolamentazione competente per le questioni relative alla legislazione sulla protezione dei dati \u00e8 il responsabile della protezione dei dati della Baviera in Germania, dove risiedo in qualit\u00e0 di gestore di questo sito web. L&#8217;Ufficio per la protezione dei dati personali e i loro dati di contatto sono disponibili al seguente link: <a href=\"https:\/\/www.datenschutz-bayern.de\">https:\/\/www.datenschutz-bayern.de<\/a>.<\/p>\n<p><strong>Se desidera ottenere i propri dati<\/strong><\/p>\n<p>Avete il diritto di farvi consegnare i vostri dati, da me elaborati in base al vostro consenso o in esecuzione di un contratto, in formato standard e leggibile a macchina, a voi stessi o a terzi. Se si richiede la trasmissione diretta dei dati a un altro soggetto responsabile, ci\u00f2 avverr\u00e0 solo nella misura tecnicamente possibile.<\/p>\n<h3>Strumenti di analisi e strumenti di terze parti<\/h3>\n<p>Quando visitate il mio sito web, \u00e8 possibile che vengano effettuate analisi statistiche del vostro comportamento di navigazione. L&#8217;analisi del vostro comportamento di navigazione \u00e8 anonima, cio\u00e8 non sar\u00f2 in grado di identificarvi.<\/p>\n<p>Per motivi di sicurezza, il mio sviluppatore web utilizza strumenti di terze parti per la salvaguardia e la manutenzione del mio sito web. Ho scelto i miei fornitori con molta diligenza e, ove necessario e opportuno, sono in vigore accordi di trattamento dei dati.<\/p>\n<h3>Crittografia SSL o TLS<\/h3>\n<p>Questo sito utilizza la crittografia SSL o TLS per motivi di sicurezza e per la protezione della trasmissione di contenuti riservati, come le richieste che mi inviate attraverso i moduli di contatto. \u00c8 possibile riconoscere una connessione criptata nella riga dell&#8217;indirizzo del browser quando si passa da \u201c<g class=\"gr_ gr_222 gr-alert gr_spell gr_inline_cards gr_disable_anim_appear ContextualSpelling ins-del multiReplace\" id=\"222\" data-gr-id=\"222\">http<\/g>:\/\/\u201d to \u201chttps:\/\/\u201d e l&#8217;icona del lucchetto viene visualizzata nella barra degli indirizzi del browser. Se la crittografia SSL o TLS \u00e8 attivata, i dati che mi trasmettete non possono essere letti da terzi.<\/p>\n<h3>Reciproca correttezza: non desidero ricevere e-mail promozionali<\/h3>\n<p>Proibisco espressamente l&#8217;utilizzo dei miei dati di contatto pubblicati su questo sito web per l&#8217;invio di materiale promozionale e informativo non espressamente richiesto. Mi riservo il diritto di intraprendere azioni legali specifiche se ricevo materiale pubblicitario non richiesto, come ad esempio spam via e-mail.<\/p>\n<h3>Cookies<\/h3>\n<p>Per impostazione predefinita, il mio sito web non utilizza altri cookie oltre ai cookie di sessione per la produzione del contenuto del sito, in base alle impostazioni della lingua del browser. In generale, per quanto riguarda i cookie, potete configurare il vostro browser in modo che vi informi sull&#8217;uso dei cookie, per poter decidere caso per caso se accettare o rifiutare un cookie. In alternativa, il vostro browser pu\u00f2 essere configurato in modo che accetti automaticamente i cookie a determinate condizioni o li rifiuti sempre, oppure in modo che cancelli automaticamente i cookie alla chiusura del browser. La disabilitazione dei cookie non limiter\u00e0 la funzionalit\u00e0 di questo sito.<\/p>\n<h3>File di log del server<\/h3>\n<p>Questo sito web raccoglie e memorizza automaticamente informazioni che il vostro browser trasmette automaticamente ai &#8220;file di log del server&#8221;. Nello specifico:<\/p>\n<ul>\n<li>Tipo di browser e versione<\/li>\n<li>Sistema operativo utilizzato<\/li>\n<li>URL di origine<\/li>\n<li>Nome del computer di accesso<\/li>\n<li>Ora della richiesta del server<\/li>\n<li>Indirizzo <g class=\"gr_ gr_204 gr-alert gr_gramm gr_inline_cards gr_disable_anim_appear Grammar only-ins doubleReplace replaceWithoutSep\" id=\"204\" data-gr-id=\"204\">IP<\/g> (anonimizzato)<\/li>\n<\/ul>\n<p>Questi dati non saranno messi assieme a dati provenienti da altre fonti e sono necessari per rendere questo sito piacevole e funzionale. Ci\u00f2 costituisce un interesse giustificato ai sensi dell&#8217;Art. 6 (1) (f) GDPR.<\/p>\n<h3>Modulo di contatto<\/h3>\n<p>Quando mi inviate un messaggio tramite il modulo di contatto, raccoglier\u00f2 i dati inseriti nel modulo, compresi i dati di contatto forniti, per poter rispondere alle vostre domande, poste anche in futuro. Non condivido queste informazioni con terzi, a meno che non sia obbligato a farlo per legge. Detto questo, io tratto i dati inseriti nel modulo di contatto sia con il vostro consenso per Art. 6 (1) (a) GDPR o per adempiere ad un contratto che persegue l&#8217;Art. 6 (1) (b) GDPR. Il vostro consenso pu\u00f2 essere revocato in qualsiasi momento con effetto futuro. \u00c8 sufficiente farne richiesta con un&#8217;e-mail. I dati trattati prima del ricevimento della richiesta possono comunque essere trattati legalmente.<\/p>\n<p>Conserver\u00f2 i dati forniti con il modulo di contatto fino a quando non ne richiederete la cancellazione o revocherete il vostro consenso. Tale disposizione non altera le disposizioni obbligatorie per legge, in particolare quelle relative ai periodi di conservazione obbligatoria dei dati.<\/p>\n<h3>Commenti agli articoli del blog<\/h3>\n<p>Se utilizzate la funzione di commento su questo sito, saranno memorizzati anche l&#8217;ora in cui il commento \u00e8 stato creato e il vostro indirizzo e-mail, oltrech\u00e9 il commento e il nome utente, a meno che non scriviate in forma anonima.<\/p>\n<p><strong>Memorizzazione del vostro indirizzo IP<\/strong><\/p>\n<p>La funzione commento memorizza gli indirizzi IP degli utenti che pubblicano commenti. Poich\u00e9 non \u00e8 detto che controlli tutti i commenti sul mio sito prima che vengano pubblicati, ho bisogno di queste informazioni per poter intraprendere un&#8217;azione legale in caso di contenuti illegali o calunniosi.<\/p>\n<p><strong>Per quanto tempo vengono memorizzati i commenti<\/strong><\/p>\n<p>I commenti e i relativi dati (ad es. l&#8217;indirizzo IP) vengono memorizzati e rimangono sul mio sito web fino a quando i contenuti commentati non vengono completamente cancellati o i commenti non devono essere rimossi per motivi legali (calunnia, ecc.).<\/p>\n<p><strong>Basi legali<\/strong><\/p>\n<p>I commenti sono memorizzati in base al vostro consenso per Art. 6 (1) (a) GDPR. Il consenso pu\u00f2 essere revocato in qualsiasi momento con effetto futuro. \u00c8 sufficiente farne richiesta con un&#8217;e-mail. I dati trattati prima del ricevimento della richiesta possono comunque essere trattati legalmente.<\/p>\n<h3>Condivisione di contenuti sui social media tramite plugin<\/h3>\n<p>I contenuti del mio sito web possono essere condivisi con i social network come Facebook, Twitter o Google+. Questa pagina utilizza uno strumento di condivisione sicuro che stabilisce un contatto diretto tra reti e utenti solo dopo aver cliccato su uno di questi pulsanti. Tale strumento non trasferisce automaticamente i dati dell&#8217;utente agli operatori di queste piattaforme. Se gli utenti sono collegati a uno o pi\u00f9 social network, i pulsanti Condividi per Facebook, Google+1, Twitter, ecc. visualizzano una finestra informativa in cui \u00e8 possibile modificare il testo prima dell&#8217;invio.<\/p>\n<h3>Profili online nei social media<\/h3>\n<p>Mantengo profili online all&#8217;interno di social network e piattaforme per comunicare con le parti interessate e i follower, e per informarli sui miei servizi. Faccio presente che i vostri dati utente possono essere trattati al di fuori dell&#8217;Unione Europea se interagite con me su queste piattaforme. Ci\u00f2 pu\u00f2 comportare dei rischi in quanto l&#8217;applicazione dei diritti degli utenti, per es., potrebbe essere pi\u00f9 difficile. Per quanto riguarda i fornitori statunitensi certificati secondo il Privacy Shield, vorrei sottolineare che si impegnano a rispettare gli standard di protezione dei dati dell&#8217;UE.<\/p>\n<p>Inoltre, i dati degli utenti vengono di solito trattati per ricerche di mercato e per scopi pubblicitari. Queste aziende, quindi, possono creare profili in base al vostro comportamento di navigazione e ai vostri presunti interessi. A loro volta, questi profili possono essere utilizzati, ad esempio, per inserire annunci pubblicitari all&#8217;interno e all&#8217;esterno delle piattaforme che presumibilmente corrispondono ai vostri interessi. Per questi scopi, i cookie vengono solitamente memorizzati nel dispositivo, in cui sono salvati la cronologia di navigazione e i vostri interessi. I dati possono essere memorizzati anche indipendentemente dai dispositivi utilizzati (in particolare se siete membri delle rispettive piattaforme e vi siete registrati).<\/p>\n<p>Il trattamento dei vostri dati personali \u00e8 basato sul mio legittimo interesse in un&#8217;informazione efficace con gli utenti e una comunicazione ai sensi dell&#8217;Art. 6 (1) (f) GDPR. Se fornitori di servizi vi richiedono il consenso al trattamento dei dati (che avviene selezionando una casella di controllo o confermando con un clic su un pulsante), la base giuridica del trattamento \u00e8 l&#8217;Art. 6 (1) (a) e l&#8217;Art. 7 GDPR.<\/p>\n<p>Per informazioni dettagliate sul rispettivo trattamento e sulla possibilit\u00e0 di non aderire, vi suggerisco di visitare i seguenti link e di leggere le informazioni pubblicate dai rispettivi provider.<\/p>\n<p>Inoltre, se intendete richiedere informazioni o desiderate esercitare i vostri diritti d&#8217;uso, vorrei precisare che \u00e8 possibile farlo in modo pi\u00f9 efficace direttamente con i fornitori. Solo i provider, infatti, hanno accesso ai vostri dati, possono prendere direttamente le misure adeguate e fornire le informazioni di cui avete bisogno. Se avete comunque bisogno di aiuto, potete mettervi in contatto con me.<span style=\"font-size: 20px;\"> <\/span><\/p>\n<ul>\n<li><strong>Facebook<\/strong> (Facebook Ireland Ltd., 4 Grand Canal Square, Grand Canal Harbour, Dublin 2, Irland) \u2013 <a href=\"https:\/\/www.facebook.com\/about\/privacy\/\" target=\"_blank\" rel=\"noopener noreferrer\">Privacy policy<\/a>, <a href=\"https:\/\/www.facebook.com\/ads\/preferences\/?entry_product=ad_settings_screen\" target=\"_blank\" rel=\"noopener noreferrer\">Opt-Out<\/a>, <a href=\"http:\/\/www.youronlinechoices.com\/\" target=\"_blank\" rel=\"noopener noreferrer\">www.youronlinechoices.com<\/a>, <a href=\"https:\/\/www.privacyshield.gov\/participant?id=a2zt0000000GnywAAC&amp;status=Active\" target=\"_blank\" rel=\"noopener noreferrer\">Privacy Shield<\/a>.<\/li>\n<li><strong>Google\/ YouTube<\/strong> (Google LLC, 1600 Amphitheatre Parkway, Mountain View, CA 94043, USA) \u2013 <a href=\"https:\/\/policies.google.com\/privacy\" target=\"_blank\" rel=\"noopener noreferrer\">Privacy policy<\/a>, <a href=\"https:\/\/adssettings.google.com\/authenticated\" target=\"_blank\" rel=\"noopener noreferrer\">Opt-Out<\/a>, <a href=\"https:\/\/www.privacyshield.gov\/participant?id=a2zt000000001L5AAI&amp;status=Active\" target=\"_blank\" rel=\"noopener noreferrer\">Privacy Shield<\/a>.<\/li>\n<li><strong>Instagram<\/strong> (Instagram Inc., 1601 Willow Road, Menlo Park, CA, 94025, USA) \u2013 <a href=\"https:\/\/help.instagram.com\/155833707900388\" target=\"_blank\" rel=\"noopener noreferrer\">Privacy policy\/ Opt-Out<\/a>.<\/li>\n<li><strong>Twitter<\/strong> (Twitter Inc., 1355 Market Street, Suite 900, San Francisco, CA 94103, USA) \u2013 <a href=\"https:\/\/twitter.com\/en\/privacy\" target=\"_blank\" rel=\"noopener noreferrer\">Privacy policy<\/a>, <a href=\"https:\/\/twitter.com\/personalization\" target=\"_blank\" rel=\"noopener noreferrer\">Opt-Out<\/a>, <a href=\"https:\/\/www.privacyshield.gov\/participant?id=a2zt0000000TORzAAO&amp;status=Active\" target=\"_blank\" rel=\"noopener noreferrer\">Privacy Shield<\/a>.<span style=\"font-size: 20px;\">\u00a0<\/span><\/li>\n<\/ul>\n<h3>Gestione di WP<\/h3>\n<p>Per mantenere il mio sito web, il mio sviluppatore web utilizza Manage WP, gestito da GoDaddy.com Manage WP, Trg republike 5, 11000 Belgrado, Serbia. I backup sono memorizzati su server in Europa. Di solito i backup vengono conservati per una durata massima di 60 giorni per garantire che il mio sito web sia sempre sicuro, aggiornato e funzionante in ogni momento.<\/p>\n<p>Ci\u00f2 costituisce un interesse giustificato ai sensi dell&#8217;Art. 6 (1) (f) GDPR.<\/p>\n<p>Per ulteriori informazioni consultare il sito <a href=\"https:\/\/managewp.com\/privacy\" target=\"_blank\" rel=\"noopener noreferrer\">www.managewp.com\/privacy<\/a>.<\/p>\n<p>[\/et_pb_text][\/et_pb_column][\/et_pb_row][\/et_pb_section]<\/p>\n","protected":false},"excerpt":{"rendered":"<p>Informativa sulla privacy Premessa Qui di seguito troverete informazioni su come vengono trattati i vostri dati personali quando visitate il mio sito web. I dati personali sono tutti i dati con i quali potreste essere identificati personalmente, ad esempio il vostro indirizzo e-mail, il vostro nome, ecc. In qualit\u00e0 di responsabile, devo condividere con voi [&hellip;]<\/p>\n","protected":false},"author":2,"featured_media":0,"parent":0,"menu_order":120,"comment_status":"closed","ping_status":"closed","template":"","meta":{"_seopress_robots_primary_cat":"","_seopress_titles_title":"","_seopress_titles_desc":"","_seopress_robots_index":"","_et_pb_use_builder":"on","_et_pb_old_content":"","_et_gb_content_width":"","footnotes":""},"class_list":["post-249","page","type-page","status-publish","hentry"],"_links":{"self":[{"href":"https:\/\/robertaaresu.it\/it\/wp-json\/wp\/v2\/pages\/249","targetHints":{"allow":["GET"]}}],"collection":[{"href":"https:\/\/robertaaresu.it\/it\/wp-json\/wp\/v2\/pages"}],"about":[{"href":"https:\/\/robertaaresu.it\/it\/wp-json\/wp\/v2\/types\/page"}],"author":[{"embeddable":true,"href":"https:\/\/robertaaresu.it\/it\/wp-json\/wp\/v2\/users\/2"}],"replies":[{"embeddable":true,"href":"https:\/\/robertaaresu.it\/it\/wp-json\/wp\/v2\/comments?post=249"}],"version-history":[{"count":5,"href":"https:\/\/robertaaresu.it\/it\/wp-json\/wp\/v2\/pages\/249\/revisions"}],"predecessor-version":[{"id":460,"href":"https:\/\/robertaaresu.it\/it\/wp-json\/wp\/v2\/pages\/249\/revisions\/460"}],"wp:attachment":[{"href":"https:\/\/robertaaresu.it\/it\/wp-json\/wp\/v2\/media?parent=249"}],"curies":[{"name":"wp","href":"https:\/\/api.w.org\/{rel}","templated":true}]}}