{"id":418,"date":"2020-05-28T10:32:30","date_gmt":"2020-05-28T08:32:30","guid":{"rendered":"https:\/\/robertaaresu.it\/start\/"},"modified":"2022-04-20T12:45:53","modified_gmt":"2022-04-20T10:45:53","slug":"start","status":"publish","type":"page","link":"https:\/\/robertaaresu.it\/de\/","title":{"rendered":"Start"},"content":{"rendered":"<p>[et_pb_section fb_built=&#8220;1&#8243; admin_label=&#8220;Home&#8220; module_id=&#8220;start&#8220; _builder_version=&#8220;4.16&#8243; use_background_color_gradient=&#8220;on&#8220; background_color_gradient_stops=&#8220;#66cccc 0%|#cc7f66 100%&#8220; background_color_gradient_overlays_image=&#8220;on&#8220; background_color_gradient_start=&#8220;#66cccc&#8220; background_color_gradient_end=&#8220;#cc7f66&#8243; background_image=&#8220;https:\/\/robertaaresu.it\/wp-content\/uploads\/2020\/02\/HeroImage_Roberta-Aresu.jpg&#8220; background_blend=&#8220;overlay&#8220; width=&#8220;100%&#8220; max_width=&#8220;100%&#8220; min_height=&#8220;100vh&#8220; collapsed=&#8220;on&#8220; global_colors_info=&#8220;{}&#8220;][et_pb_row make_equal=&#8220;on&#8220; _builder_version=&#8220;4.16&#8243; custom_padding=&#8220;7vw||7vw||true|false&#8220; custom_css_main_element=&#8220;align-items: center;&#8220; collapsed=&#8220;on&#8220; global_colors_info=&#8220;{}&#8220;][et_pb_column type=&#8220;4_4&#8243; _builder_version=&#8220;4.16&#8243; custom_css_main_element=&#8220;align-items: center;&#8220; global_colors_info=&#8220;{}&#8220;][et_pb_text _builder_version=&#8220;4.16&#8243; text_font=&#8220;|300|||||||&#8220; header_font=&#8220;|800|||||||&#8220; header_text_color=&#8220;#cc7f66&#8243; max_width=&#8220;820px&#8220; header_text_shadow_style=&#8220;preset3&#8243; header_text_shadow_blur_strength=&#8220;0.1em&#8220; header_text_shadow_color=&#8220;#cccccc&#8220; global_colors_info=&#8220;{}&#8220;]<\/p>\n<h3>\u00dcbersetzungen f\u00fcr global agierende Unternehmen<\/h3>\n<p><em>Englisch | Deutsch | Italienisch<\/em><\/p>\n<p><span>Nach 16 Jahren in internationalen Unternehmen helfe ich nun englischen, deutschen, schweizerischen und italienischen Firmen, italienischsprachige Kunden und Benutzer in Italien und der Schweiz zu erreichen. <\/span>[\/et_pb_text][\/et_pb_column][\/et_pb_row][et_pb_row _builder_version=&#8220;4.16&#8243; positioning=&#8220;absolute&#8220; position_origin_a=&#8220;bottom_center&#8220; global_colors_info=&#8220;{}&#8220;][et_pb_column type=&#8220;4_4&#8243; _builder_version=&#8220;4.16&#8243; global_colors_info=&#8220;{}&#8220;][et_pb_blurb url=&#8220;#leistungen&#8220; use_icon=&#8220;on&#8220; font_icon=&#8220;&#x3b;||divi||400&#8243; icon_color=&#8220;#ffffff&#8220; image_icon_width=&#8220;66px&#8220; _builder_version=&#8220;4.16&#8243; link_option_url=&#8220;#leistungen&#8220; icon_font_size=&#8220;66px&#8220; global_colors_info=&#8220;{}&#8220;][\/et_pb_blurb][\/et_pb_column][\/et_pb_row][\/et_pb_section][et_pb_section fb_built=&#8220;1&#8243; admin_label=&#8220;Services&#8220; module_id=&#8220;leistungen&#8220; _builder_version=&#8220;4.16&#8243; background_enable_color=&#8220;off&#8220; collapsed=&#8220;off&#8220; global_colors_info=&#8220;{}&#8220;][et_pb_row _builder_version=&#8220;4.16&#8243; custom_margin=&#8220;||0px||false|false&#8220; custom_padding=&#8220;||0px||false|false&#8220; collapsed=&#8220;on&#8220; global_colors_info=&#8220;{}&#8220;][et_pb_column type=&#8220;4_4&#8243; _builder_version=&#8220;4.16&#8243; global_colors_info=&#8220;{}&#8220;][et_pb_text _builder_version=&#8220;4.16&#8243; text_font=&#8220;|300|||||||&#8220; global_colors_info=&#8220;{}&#8220;]<\/p>\n<h2>Was ich f\u00fcr Sie tun kann<\/h2>\n<p>[\/et_pb_text][\/et_pb_column][\/et_pb_row][et_pb_row column_structure=&#8220;1_2,1_2&#8243; admin_label=&#8220;Content&#8220; _builder_version=&#8220;4.16&#8243; collapsed=&#8220;on&#8220; global_colors_info=&#8220;{}&#8220;][et_pb_column type=&#8220;1_2&#8243; _builder_version=&#8220;4.16&#8243; global_colors_info=&#8220;{}&#8220;][et_pb_text _builder_version=&#8220;4.16&#8243; text_font=&#8220;|300|||||||&#8220; global_colors_info=&#8220;{}&#8220;]M\u00fcssen Sie Texte f\u00fcr Ihr Unternehmen oder Ihre Kunden \u00fcbersetzen lassen? Ich kann helfen, indem ich eine klare und zielgerichtete Kommunikation f\u00fcr das italienische und schweizerische Publikum und Fachpublikum schaffe.<\/p>\n<p>Haben Sie bereits \u00fcbersetzte Texte und ben\u00f6tigen eine genaue \u00dcberpr\u00fcfung? Auch dabei helfe ich gerne.<\/p>\n<p>M\u00f6chten Sie Ihre Marke ausbauen und neue Kunden in Italien erreichen?[\/et_pb_text][\/et_pb_column][et_pb_column type=&#8220;1_2&#8243; _builder_version=&#8220;4.16&#8243; global_colors_info=&#8220;{}&#8220;][et_pb_text _builder_version=&#8220;4.16&#8243; text_font=&#8220;|300|||||||&#8220; global_colors_info=&#8220;{}&#8220;]Importieren oder exportieren Sie Produkte und Dienstleistungen?  <\/p>\n<p>M\u00f6glicherweise m\u00fcssen Sie technische oder kommerzielle Dokumente in die italienische Sprache \u00fcbertragen.<\/p>\n<p>Ich kann Ihnen auch helfen, die italienischsprachige \u00d6ffentlichkeit mit genauen \u00dcbersetzungen und einer ausgezeichneten Kundenerfahrung effektiv zu erreichen.[\/et_pb_text][\/et_pb_column][\/et_pb_row][et_pb_row admin_label=&#8220;Content&#8220; _builder_version=&#8220;4.16&#8243; collapsed=&#8220;on&#8220; global_colors_info=&#8220;{}&#8220;][et_pb_column type=&#8220;4_4&#8243; _builder_version=&#8220;4.16&#8243; global_colors_info=&#8220;{}&#8220;][et_pb_text _builder_version=&#8220;4.16&#8243; text_font=&#8220;|300|||||||&#8220; global_colors_info=&#8220;{}&#8220;]Ich \u00fcbersetze in den folgenden Bereichen: Logistik und Software, Medizin und Pharmazie, Kultur und Museen.[\/et_pb_text][\/et_pb_column][\/et_pb_row][et_pb_row _builder_version=&#8220;4.16&#8243; global_colors_info=&#8220;{}&#8220;][et_pb_column type=&#8220;4_4&#8243; _builder_version=&#8220;4.16&#8243; global_colors_info=&#8220;{}&#8220;][et_pb_button button_url=&#8220;#kontakt&#8220; button_text=&#8220;Kontaktieren Sie mich&#8220; button_alignment=&#8220;center&#8220; _builder_version=&#8220;4.16&#8243; global_colors_info=&#8220;{}&#8220;][\/et_pb_button][\/et_pb_column][\/et_pb_row][\/et_pb_section][et_pb_section fb_built=&#8220;1&#8243; admin_label=&#8220;About&#8220; module_id=&#8220;uebermich&#8220; _builder_version=&#8220;4.16&#8243; background_color=&#8220;#b3e5e6&#8243; collapsed=&#8220;on&#8220; global_colors_info=&#8220;{}&#8220;][et_pb_row _builder_version=&#8220;4.16&#8243; custom_margin=&#8220;||0px||false|false&#8220; custom_padding=&#8220;||0px||false|false&#8220; global_colors_info=&#8220;{}&#8220;][et_pb_column type=&#8220;4_4&#8243; _builder_version=&#8220;4.16&#8243; global_colors_info=&#8220;{}&#8220;][et_pb_text _builder_version=&#8220;4.16&#8243; text_font=&#8220;|300|||||||&#8220; global_colors_info=&#8220;{}&#8220;]<\/p>\n<h2>Hallo, mein Name ist Roberta Aresu<\/h2>\n<p>[\/et_pb_text][\/et_pb_column][\/et_pb_row][et_pb_row column_structure=&#8220;3_4,1_4&#8243; make_equal=&#8220;on&#8220; _builder_version=&#8220;4.16&#8243; global_colors_info=&#8220;{}&#8220;][et_pb_column type=&#8220;3_4&#8243; _builder_version=&#8220;4.16&#8243; global_colors_info=&#8220;{}&#8220;][et_pb_text _builder_version=&#8220;4.16&#8243; text_font=&#8220;|300|||||||&#8220; global_colors_info=&#8220;{}&#8220;]<\/p>\n<p>Ich bin \u00dcbersetzerin f\u00fcr Italienisch und lebe derzeit in Bayern. Nach einer 16-j\u00e4hrigen Karriere in der Wirtschaft (Kundenmanagement und Logistik) habe ich mich 2017 als \u00dcbersetzerin selbst\u00e4ndig gemacht.<\/p>\n<p>Mein akademischer Hintergrund umfasst Linguistik\/Klassische Sprachen mit einem Master-Abschluss an der Universit\u00e4t von Cagliari und ein Postgraduiertenstudium in Fach\u00fcbersetzungen an der Universit\u00e4t von Pisa. Medizinische, logistische und \u00dcbersetzungen f\u00fcr Museen sind meine Hauptfachgebiete, die ich mit spezifischen Schulungen und Seminaren weiter vertiefe. Ich unterrichte auch Italienisch.<\/p>\n<p>Wenn ich nicht arbeite, k\u00f6nnen Sie mich beim Tennisspielen, Laufen oder Wandern antreffen. Ich lese auch gerne klassische Autoren und Texte \u00fcber Meditation, Ern\u00e4hrung und Umwelt.<\/p>\n<p>Setzen Sie sich mit mir in Verbindung, ich freue mich, von Ihnen zu h\u00f6ren!<\/p>\n<p>[\/et_pb_text][\/et_pb_column][et_pb_column type=&#8220;1_4&#8243; _builder_version=&#8220;4.16&#8243; global_colors_info=&#8220;{}&#8220;][et_pb_image src=&#8220;https:\/\/robertaaresu.it\/wp-content\/uploads\/2020\/02\/Roberta-Aresu_Profile_600x800.jpg&#8220; _builder_version=&#8220;4.16&#8243; max_width=&#8220;250px&#8220; module_alignment=&#8220;center&#8220; border_width_all=&#8220;5px&#8220; border_color_all=&#8220;#ffffff&#8220; box_shadow_style=&#8220;preset1&#8243; box_shadow_color=&#8220;rgba(204,127,102,0.45)&#8220; global_colors_info=&#8220;{}&#8220;][\/et_pb_image][et_pb_button button_url=&#8220;mailto:info@robertaaresu.it&#8220; button_text=&#8220;E-Mail&#8220; button_alignment=&#8220;center&#8220; _builder_version=&#8220;4.16&#8243; global_colors_info=&#8220;{}&#8220;][\/et_pb_button][\/et_pb_column][\/et_pb_row][\/et_pb_section][et_pb_section fb_built=&#8220;1&#8243; admin_label=&#8220;Specialization&#8220; module_id=&#8220;fachgebiete&#8220; _builder_version=&#8220;4.16&#8243; custom_padding=&#8220;||0px|||&#8220; global_colors_info=&#8220;{}&#8220;][et_pb_row _builder_version=&#8220;4.16&#8243; custom_padding=&#8220;||0px|||&#8220; global_colors_info=&#8220;{}&#8220;][et_pb_column type=&#8220;4_4&#8243; _builder_version=&#8220;4.16&#8243; global_colors_info=&#8220;{}&#8220;][et_pb_text _builder_version=&#8220;4.16&#8243; text_font=&#8220;|300|||||||&#8220; custom_padding=&#8220;||0px|||&#8220; global_colors_info=&#8220;{}&#8220;]<\/p>\n<h2>Schwerpunkte meiner Arbeit<\/h2>\n<p>[\/et_pb_text][\/et_pb_column][\/et_pb_row][\/et_pb_section][et_pb_section fb_built=&#8220;1&#8243; specialty=&#8220;on&#8220; _builder_version=&#8220;4.16&#8243; custom_padding=&#8220;0px||0px|||&#8220; global_colors_info=&#8220;{}&#8220;][et_pb_column type=&#8220;1_2&#8243; _builder_version=&#8220;4.16&#8243; custom_padding=&#8220;|||&#8220; global_colors_info=&#8220;{}&#8220; custom_padding__hover=&#8220;|||&#8220;][et_pb_text _builder_version=&#8220;4.16&#8243; text_font=&#8220;|300|||||||&#8220; global_colors_info=&#8220;{}&#8220;]<strong>Logistik und Transport<\/strong><\/p>\n<p>Meine mehrj\u00e4hrige Erfahrung in der Logistikbranche hat mir geholfen, mich auf diese Branche zu spezialisieren und eine effektive Kommunikation f\u00fcr das internationale Publikum zu gew\u00e4hrleisten. Zu meinen Kunden geh\u00f6ren wichtige Namen im Eisenbahnsektor, in der Lagerverwaltungs- und Logistiksoftware sowie in der Land- und Seefracht.<\/p>\n<p>Beispiele \u00fcbersetzter Texte f\u00fcr die Logistikbranche:<\/p>\n<\/p>\n<ul>\n<li>Lagersoftware-Lokalisierung<\/li>\n<li>Artikel f\u00fcr Logistik-Magazine<\/li>\n<li>Lokalisierung von Unternehmens-Websites<\/li>\n<li>Kataloge und Brosch\u00fcren<\/li>\n<li>Versanddokumente<\/li>\n<li>Technische Handb\u00fccher und Zertifikate<\/li>\n<li>Dokumente zu Gesundheit und Sicherheit<\/li>\n<li>Personalwesen, administrative Materialien<\/li>\n<li>Schulungsmaterial und E-Learning-Kurse<\/li>\n<\/ul>\n<p>[\/et_pb_text][\/et_pb_column][et_pb_column type=&#8220;1_2&#8243; specialty_columns=&#8220;2&#8243; _builder_version=&#8220;4.16&#8243; custom_padding=&#8220;|||&#8220; global_colors_info=&#8220;{}&#8220; custom_padding__hover=&#8220;|||&#8220;][et_pb_row_inner _builder_version=&#8220;4.16&#8243; global_colors_info=&#8220;{}&#8220;][et_pb_column_inner saved_specialty_column_type=&#8220;1_2&#8243; _builder_version=&#8220;4.4.7&#8243; global_colors_info=&#8220;{}&#8220;][et_pb_text _builder_version=&#8220;4.16&#8243; text_font=&#8220;|300|||||||&#8220; global_colors_info=&#8220;{}&#8220;]<\/p>\n<p><strong>Medizin &amp; Gesundheit<\/strong><\/p>\n<p>Medizinische und pharmazeutische \u00dcbersetzungen erfordern eine hohe Genauigkeit sowohl des Inhalts als auch der Fachterminologie.<\/p>\n<p>Ich bin auf diesen Sektor spezialisiert und kann \u00dcbersetzungen f\u00fcr die folgenden medizinischen Dokumente liefern:<\/p>\n<\/p>\n<ul>\n<li>Dokumente und Artikel zu medizinischen Daten<\/li>\n<li>Patienteninformation\/Berichte<\/li>\n<li>Arzneimitteletiketten und -beilagen<\/li>\n<li>Einverst\u00e4ndniserkl\u00e4rungen<\/li>\n<li>Studienprotokolle<\/li>\n<li>Zusammenfassung von Produktmerkmalen<\/li>\n<li>Lokalisierung medizinischer Ger\u00e4te<\/li>\n<li>Schulungs- und Ausbildungsmaterial<\/li>\n<li>Dokumente zu klinischen Studien<\/li>\n<li>Medizinische Software<\/li>\n<\/ul>\n<p>[\/et_pb_text][\/et_pb_column_inner][\/et_pb_row_inner][et_pb_row_inner column_structure=&#8220;1_2,1_2&#8243; _builder_version=&#8220;4.16&#8243; custom_padding=&#8220;||0px|||&#8220; global_colors_info=&#8220;{}&#8220;][et_pb_column_inner type=&#8220;1_2&#8243; saved_specialty_column_type=&#8220;1_2&#8243; _builder_version=&#8220;4.4.7&#8243; global_colors_info=&#8220;{}&#8220;][et_pb_image src=&#8220;https:\/\/robertaaresu.it\/wp-content\/uploads\/2020\/05\/CPD-2019-20.jpg&#8220; title_text=&#8220;CPD-2019-20&#8243; align=&#8220;center&#8220; _builder_version=&#8220;4.16&#8243; custom_padding=&#8220;||20px||false|false&#8220; global_colors_info=&#8220;{}&#8220;][\/et_pb_image][\/et_pb_column_inner][et_pb_column_inner type=&#8220;1_2&#8243; saved_specialty_column_type=&#8220;1_2&#8243; _builder_version=&#8220;4.4.7&#8243; global_colors_info=&#8220;{}&#8220;][et_pb_image src=&#8220;https:\/\/robertaaresu.it\/wp-content\/uploads\/2020\/05\/ITI-Medical.jpg&#8220; title_text=&#8220;ITI-Medical&#8220; align=&#8220;center&#8220; _builder_version=&#8220;4.16&#8243; width=&#8220;51%&#8220; module_alignment=&#8220;left&#8220; custom_padding=&#8220;||20px||false|false&#8220; global_colors_info=&#8220;{}&#8220;][\/et_pb_image][\/et_pb_column_inner][\/et_pb_row_inner][\/et_pb_column][\/et_pb_section][et_pb_section fb_built=&#8220;1&#8243; admin_label=&#8220;Specialization&#8220; module_id=&#8220;fachgebiete&#8220; _builder_version=&#8220;4.16&#8243; background_enable_color=&#8220;off&#8220; custom_padding=&#8220;0px|||||&#8220; collapsed=&#8220;off&#8220; global_colors_info=&#8220;{}&#8220;][et_pb_row _builder_version=&#8220;4.16&#8243; max_width=&#8220;90%&#8220; global_colors_info=&#8220;{}&#8220;][et_pb_column type=&#8220;4_4&#8243; _builder_version=&#8220;4.16&#8243; global_colors_info=&#8220;{}&#8220;][et_pb_button button_url=&#8220;#kontakt&#8220; button_text=&#8220;Kontaktieren Sie mich&#8220; button_alignment=&#8220;center&#8220; _builder_version=&#8220;4.16&#8243; global_colors_info=&#8220;{}&#8220;][\/et_pb_button][\/et_pb_column][\/et_pb_row][\/et_pb_section]<\/p>\n","protected":false},"excerpt":{"rendered":"<p>\u00dcbersetzungen f\u00fcr global agierende Unternehmen Englisch | Deutsch | Italienisch Nach 16 Jahren in internationalen Unternehmen helfe ich nun englischen, deutschen, schweizerischen und italienischen Firmen, italienischsprachige Kunden und Benutzer in Italien und der Schweiz zu erreichen. Was ich f\u00fcr Sie tun kannM\u00fcssen Sie Texte f\u00fcr Ihr Unternehmen oder Ihre Kunden \u00fcbersetzen lassen? Ich kann helfen, [&hellip;]<\/p>\n","protected":false},"author":2,"featured_media":239,"parent":0,"menu_order":10,"comment_status":"closed","ping_status":"closed","template":"","meta":{"_seopress_robots_primary_cat":"","_seopress_titles_title":"","_seopress_titles_desc":"","_seopress_robots_index":"","_et_pb_use_builder":"on","_et_pb_old_content":"","_et_gb_content_width":"","footnotes":""},"class_list":["post-418","page","type-page","status-publish","has-post-thumbnail","hentry"],"_links":{"self":[{"href":"https:\/\/robertaaresu.it\/de\/wp-json\/wp\/v2\/pages\/418","targetHints":{"allow":["GET"]}}],"collection":[{"href":"https:\/\/robertaaresu.it\/de\/wp-json\/wp\/v2\/pages"}],"about":[{"href":"https:\/\/robertaaresu.it\/de\/wp-json\/wp\/v2\/types\/page"}],"author":[{"embeddable":true,"href":"https:\/\/robertaaresu.it\/de\/wp-json\/wp\/v2\/users\/2"}],"replies":[{"embeddable":true,"href":"https:\/\/robertaaresu.it\/de\/wp-json\/wp\/v2\/comments?post=418"}],"version-history":[{"count":3,"href":"https:\/\/robertaaresu.it\/de\/wp-json\/wp\/v2\/pages\/418\/revisions"}],"predecessor-version":[{"id":452,"href":"https:\/\/robertaaresu.it\/de\/wp-json\/wp\/v2\/pages\/418\/revisions\/452"}],"wp:featuredmedia":[{"embeddable":true,"href":"https:\/\/robertaaresu.it\/de\/wp-json\/wp\/v2\/media\/239"}],"wp:attachment":[{"href":"https:\/\/robertaaresu.it\/de\/wp-json\/wp\/v2\/media?parent=418"}],"curies":[{"name":"wp","href":"https:\/\/api.w.org\/{rel}","templated":true}]}}