{"id":216,"date":"2020-03-04T12:53:43","date_gmt":"2020-03-04T11:53:43","guid":{"rendered":"https:\/\/robertaaresu.it\/datenschutzerklaerung\/"},"modified":"2022-04-20T12:41:42","modified_gmt":"2022-04-20T10:41:42","slug":"datenschutz","status":"publish","type":"page","link":"https:\/\/robertaaresu.it\/de\/datenschutz\/","title":{"rendered":"Datenschutzerkl\u00e4rung"},"content":{"rendered":"<p>[et_pb_section fb_built=&#8220;1&#8243; admin_label=&#8220;Copy&#8220; module_id=&#8220;blog&#8220; _builder_version=&#8220;4.16&#8243; use_background_color_gradient=&#8220;on&#8220; background_color_gradient_stops=&#8220;#b3e5e6 0%|rgba(179,229,230,0) 15%&#8220; background_color_gradient_start=&#8220;#b3e5e6&#8243; background_color_gradient_end=&#8220;rgba(179,229,230,0)&#8220; background_color_gradient_end_position=&#8220;15%&#8220; min_height=&#8220;90vh&#8220; custom_padding=&#8220;153px||||false|false&#8220; collapsed=&#8220;off&#8220; global_colors_info=&#8220;{}&#8220;][et_pb_row _builder_version=&#8220;4.16&#8243; custom_margin=&#8220;||0px||false|false&#8220; custom_padding=&#8220;||0px||false|false&#8220; collapsed=&#8220;on&#8220; global_colors_info=&#8220;{}&#8220;][et_pb_column type=&#8220;4_4&#8243; _builder_version=&#8220;4.16&#8243; global_colors_info=&#8220;{}&#8220;][et_pb_text _builder_version=&#8220;4.16&#8243; global_colors_info=&#8220;{}&#8220;]<\/p>\n<h1>Datenschutzerkl\u00e4rung<\/h1>\n<h2>Pr\u00e4ambel<\/h2>\n<p>Im Folgenden erfahren Sie, was mit Ihren pers\u00f6nlichen Daten geschieht, wenn Sie meine Website besuchen. Pers\u00f6nliche Informationen sind alle Daten, mit denen Sie pers\u00f6nlich identifiziert werden k\u00f6nnen, z.B. Ihre E-Mail-Adresse, Ihr Name, etc. Als Verantwortliche muss ich Ihnen mitteilen, warum ich Ihre Daten sammle und wie ich sie verarbeite. Da ich Ihre Privatsph\u00e4re respektiere, tue ich dies gerne.<\/p>\n<h2>TL;DR<\/h2>\n<p>Kurz gesagt, ich habe kein Interesse daran, pers\u00f6nliche Daten von Personen zu sammeln und\/oder zu verarbeiten, die diese Website einfach nur besuchen. Es gibt ein paar technische Dinge, die im Backend protokolliert werden, aber das ist nur vor\u00fcbergehend und um diese Website f\u00fcr Ihren Browser lesbar zu machen, sowie f\u00fcr einige v\u00f6llig anonyme Statistiken.<\/p>\n<p>Wenn Sie also kein Formular ausf\u00fcllen oder keinen Kommentar in meinem Blog hinterlassen, brauche ich Ihre pers\u00f6nlichen Daten nicht. Warum sollte ich sie also \u00fcberhaupt sammeln?<\/p>\n<h3>Im Detail \u2026<\/h3>\n<p>Ich weise darauf hin, dass die Daten\u00fcbertragung im Internet (z.B. bei der Kommunikation per E-Mail) Sicherheitsl\u00fccken aufweisen kann. Ein l\u00fcckenloser Schutz der Daten vor dem Zugriff durch Dritte ist nicht m\u00f6glich.<\/p>\n<p><strong>Wer ist f\u00fcr die Datenerhebung auf dieser Website verantwortlich?<\/strong><\/p>\n<p><strong class=\"wv-text--strong\">Roberta Aresu<br \/><\/strong><span>Am Moosgraben 31<\/span><br \/><span>82272 Moorenweis<\/span><br \/><span>Deutschland<\/span><\/p>\n<p><span>Telefon: <\/span><span class=\"wv-text wv-text--body\">+49.151.266.57827<\/span><br \/><span>E-Mail: <\/span><span class=\"wv-text wv-text--body\">info@robertaaresu.it<\/span><\/p>\n<p>Verantwortlich ist die nat\u00fcrliche oder juristische Person, die allein oder gemeinsam mit anderen \u00fcber die Zwecke und Mittel der Verarbeitung personenbezogener Daten (Namen, E-Mail-Adressen usw.) entscheidet.<\/p>\n<p><strong>Wie erfasse ich Ihre Daten?<\/strong><\/p>\n<p>Einige Daten werden gesammelt, wenn Sie sie mir zur Verf\u00fcgung stellen. Das k\u00f6nnen zum Beispiel Daten sein, die Sie in ein Kontaktformular eingeben oder wenn Sie einen meiner Blog-Beitr\u00e4ge kommentieren.<\/p>\n<p>Andere Daten werden automatisch von meinen IT-Systemen erfasst, wenn Sie diese Website besuchen. Bei diesen Daten handelt es sich in erster Linie um technische Daten, wie Informationen zu dem von Ihnen verwendeten Browser und Ihr Betriebssystem oder die Uhrzeit und das Datum Ihres virtuellen Besuchs. Diese Daten werden automatisch erfasst, sobald Sie meine Website betreten.<\/p>\n<p><strong>Wozu verwende ich Ihre Daten?<\/strong><\/p>\n<p>Ein Teil der Daten wird gesammelt, um das ordnungsgem\u00e4\u00dfe Funktionieren und die Sicherheit dieser Website zu gew\u00e4hrleisten. Andere Daten k\u00f6nnen zur Analyse der Nutzung der Website durch die Besucher verwendet werden; zu diesem Zweck werden die Daten anonymisiert. Ich ben\u00f6tige Ihre pers\u00f6nlichen Daten auch zur Beantwortung Ihrer Anfragen, die Sie \u00fcber mein Kontaktformular senden.<\/p>\n<p><strong>Welche Rechte haben Sie bez\u00fcglich Ihrer Daten?<\/strong><\/p>\n<p>Sie haben jederzeit das Recht, einen vollst\u00e4ndigen Bericht \u00fcber Ihre gespeicherten Daten, deren Herkunft, deren Empf\u00e4nger und den Zweck der Datenerhebung zu verlangen. Diese Informationen k\u00f6nnen Ihnen maximal einmal pro Jahr kostenlos zur Verf\u00fcgung gestellt werden. Wenn Sie einen vollst\u00e4ndigen Bericht mehr als einmal innerhalb eines Kalenderjahres ben\u00f6tigen, berechne ich 129 Euro (exkl. MwSt.) pro Anfrage.<\/p>\n<p>Aus Gr\u00fcnden der Identifizierung und des Datenschutzes muss jeder Antrag schriftlich eingereicht und per Post zugestellt werden (siehe Postadresse oben). Bitte f\u00fcgen Sie eine Kopie Ihres Personalausweises bei.<\/p>\n<p>Sie haben au\u00dferdem das Recht, jederzeit kostenlos die Berichtigung, Sperrung oder L\u00f6schung Ihrer Daten zu verlangen.<\/p>\n<p>Viele Datenverarbeitungsvorg\u00e4nge sind nur mit Ihrer ausdr\u00fccklichen Zustimmung m\u00f6glich. Sie k\u00f6nnen Ihre Einwilligung jederzeit mit Wirkung f\u00fcr die Zukunft widerrufen. Eine formlose E-Mail mit diesem Antrag gen\u00fcgt. Die Daten, die vor dem Erhalt Ihrer Anfrage verarbeitet wurden, k\u00f6nnen noch rechtm\u00e4\u00dfig verarbeitet werden.<\/p>\n<p><strong>Wenn Sie eine Beschwerde bei den Regulierungsbeh\u00f6rden einreichen wollen<\/strong><\/p>\n<p>Wenn Sie von einer Verletzung des Datenschutzes betroffen sind, k\u00f6nnen Sie bei den zust\u00e4ndigen Regulierungsbeh\u00f6rden eine Beschwerde einreichen. Die zust\u00e4ndige Regulierungsbeh\u00f6rde f\u00fcr datenschutzrechtliche Angelegenheiten ist der Datenschutzbeauftragte des Freistaates Bayern, in dem ich als Betreiber dieser Website wohne. Die Stelle f\u00fcr den Schutz personenbezogener Daten und ihre Kontaktdaten finden Sie unter folgendem Link: <a href=\"https:\/\/www.datenschutz-bayern.de\">https:\/\/www.datenschutz-bayern.de<\/a>.<\/p>\n<p><strong>Wenn Sie Ihre Daten mitnehmen wollen<\/strong><\/p>\n<p>Sie haben das Recht, dass Ihre Daten, die ich aufgrund Ihres Einverst\u00e4ndnisses oder in Erf\u00fcllung eines Vertrages verarbeite, an Sie selbst oder an einen Dritten in einem standardisierten, maschinenlesbaren Format geliefert werden. Wenn Sie die direkte \u00dcbermittlung von Daten an eine andere verantwortliche Stelle w\u00fcnschen, wird dies nur im Rahmen des technisch M\u00f6glichen geschehen.<\/p>\n<h3>Analytics und Tools von Drittanbietern<\/h3>\n<p>Beim Besuch meiner Website k\u00f6nnen statistische Analysen Ihres Surfverhaltens durchgef\u00fchrt werden. Die Analyse Ihres Surfverhaltens erfolgt anonym, d.h. ich kann Sie mittels dieser Daten nicht identifizieren.<\/p>\n<p>Aus Sicherheitsgr\u00fcnden verwendet meine Webdesignerin Tools von Drittanbietern, um meine Website zu sch\u00fctzen und zu pflegen. Ich w\u00e4hle meine Dienstleister sehr sorgf\u00e4ltig aus, und, wo n\u00f6tig und angemessen, bestehen Vereinbarungen zur Datenverarbeitung.<\/p>\n<h3>SSL- oder TLS-Verschl\u00fcsselung<\/h3>\n<p>Diese Website verwendet eine SSL- oder TLS-Verschl\u00fcsselung aus Sicherheitsgr\u00fcnden und zum Schutz der \u00dcbertragung von vertraulichen Inhalten, wie z.B. die Anfragen, die Sie mir \u00fcber das Kontaktformular senden. Sie k\u00f6nnen eine verschl\u00fcsselte Verbindung in der Adresszeile Ihres Browsers erkennen, wenn diese von &#8222;http:\/\/&#8220; auf &#8222;https:\/\/&#8220; wechselt und das Schloss-Symbol in der Adressleiste Ihres Browsers angezeigt wird. Wenn die SSL- oder TLS-Verschl\u00fcsselung aktiviert ist, k\u00f6nnen die Daten, die Sie an mich \u00fcbertragen, nicht von Dritten gelesen werden.<\/p>\n<h3>Faires Spiel: Ich m\u00f6chte keine Werbe-E-Mails von Ihnen<\/h3>\n<p>Ich widerspreche hiermit ausdr\u00fccklich der Nutzung meiner auf dieser Website ver\u00f6ffentlichten Kontaktdaten zur \u00dcbersendung von nicht ausdr\u00fccklich angeforderten Werbe- und Informationsmaterialien. Ich behalte mir ausdr\u00fccklich rechtliche Schritte im Falle der unverlangten Zusendung von Werbeinformationen, etwa durch Spam-Mails, vor.<\/p>\n<h3>Cookies<\/h3>\n<p>Standardm\u00e4\u00dfig verwendet meine Website keine anderen Cookies als Sitzungs-Cookies, um den Inhalt der Website basierend auf den Spracheinstellungen Ihres Browsers auszugeben. Im Allgemeinen k\u00f6nnen Sie Ihren Browser so konfigurieren, dass er Sie \u00fcber die Verwendung von Cookies informiert, so dass Sie von Fall zu Fall entscheiden k\u00f6nnen, ob Sie ein Cookie akzeptieren oder ablehnen. Alternativ kann Ihr Browser so konfiguriert werden, dass er Cookies unter bestimmten Bedingungen automatisch akzeptiert oder immer ablehnt oder dass er Cookies beim Schlie\u00dfen Ihres Browsers automatisch l\u00f6scht. Die Deaktivierung von Cookies schr\u00e4nkt die Funktionalit\u00e4t dieser Website nicht ein.<\/p>\n<h3>Server-Protokolldateien<\/h3>\n<p>Diese Website erhebt und speichert automatisch Informationen, die Ihr Browser automatisch an &#8222;Server Log Files&#8220; \u00fcbermittelt. Diese sind:<\/p>\n<ul>\n<li>Browsertyp und Browserversion<\/li>\n<li>Verwendetes Betriebssystem<\/li>\n<li>Referrer-URL<\/li>\n<li>Hostname des zugreifenden Rechners<\/li>\n<li>Uhrzeit der Serveranfrage<\/li>\n<li>IP-Adresse (anonymisiert)<\/li>\n<\/ul>\n<p>Diese Daten werden nicht mit Daten aus anderen Quellen kombiniert und werden ben\u00f6tigt, um diese Website auf ansprechende und funktionelle Weise auf Ihren Bildschirm zu bringen. Dies stellt ein berechtigtes Interesse gem\u00e4ss DSVGO Art. 6 Absatz 1 Buchstabe f).<\/p>\n<h3>Kontaktformular<\/h3>\n<p>Wenn Sie mir eine Nachricht \u00fcber das Kontaktformular senden, werde ich die auf dem Formular eingegebenen Daten, einschlie\u00dflich der von Ihnen angegebenen Kontaktdaten, zur Beantwortung Ihrer Frage und eventueller Folgefragen sammeln. Ich gebe diese Informationen nicht an Dritte weiter, es sei denn, ich bin gesetzlich dazu verpflichtet. Dennoch verarbeite ich die Daten, die Sie in das Kontaktformular eingeben, entweder mit Ihrer Zustimmung gem\u00e4\u00df DSGVO Art. 6 Absatz 1 Buchstabe a) oder zur Erf\u00fcllung eines Vertrages nach DSGVO Art. 6 Absatz 1 Buchstabe b) zu erf\u00fcllen. Ihre Einwilligung k\u00f6nnen Sie jederzeit mit Wirkung f\u00fcr die Zukunft widerrufen. Eine formlose E-Mail mit diesem Antrag ist ausreichend. Die Daten, die vor dem Erhalt Ihres Antrags verarbeitet werden, k\u00f6nnen noch rechtm\u00e4\u00dfig verarbeitet werden.<\/p>\n<p>Ich werde die von Ihnen \u00fcber das Kontaktformular \u00fcbermittelten Daten so lange aufbewahren und speichern, bis Sie deren L\u00f6schung beantragen oder Ihre Einwilligung widerrufen. Etwaige zwingende gesetzliche Bestimmungen, insbesondere solche \u00fcber die Aufbewahrungsfristen, bleiben von dieser Regelung unber\u00fchrt.<\/p>\n<h3>Kommentare zu Blog-Eintr\u00e4gen<\/h3>\n<p>Wenn Sie die Kommentarfunktion auf dieser Website nutzen, werden der Zeitpunkt, zu dem Sie den Kommentar erstellt haben, und Ihre E-Mail-Adresse zusammen mit Ihrem Kommentar sowie Ihr Benutzername gespeichert, sofern Sie nicht anonym posten.<\/p>\n<p><strong>Speicherung Ihrer IP-Adresse<\/strong><\/p>\n<p>Die Kommentarfunktion speichert die IP-Adressen der Benutzer, die Kommentare abgeben. Da ich nicht alle Kommentare auf meiner Website vor der Ver\u00f6ffentlichung pr\u00fcfe, brauche ich diese Informationen, um bei illegalen oder verleumderischen Inhalten rechtliche Schritte einleiten zu k\u00f6nnen.<\/p>\n<p><strong>Wie lange Kommentare gespeichert werden<\/strong><\/p>\n<p>Die Kommentare und die damit verbundenen Daten (z.B. IP-Adresse) werden gespeichert und verbleiben auf meiner Website, bis die kommentierten Inhalte vollst\u00e4ndig gel\u00f6scht sind oder die Kommentare aus rechtlichen Gr\u00fcnden (Verleumdung etc.) entfernt werden m\u00fcssen.<\/p>\n<p><strong>Rechtliche Grundlagen<\/strong><\/p>\n<p>Die Kommentare werden auf der Grundlage Ihrer Zustimmung gem\u00e4\u00df DSGVO Art. 6 Absatz 1 Buchstabe a) gespeichert. Sie k\u00f6nnen Ihre Einwilligung jederzeit mit Wirkung f\u00fcr die Zukunft widerrufen. Eine formlose E-Mail mit diesem Antrag ist ausreichend. Die Daten, die vor dem Erhalt Ihrer Anfrage verarbeitet wurden, k\u00f6nnen noch rechtm\u00e4\u00dfig verarbeitet werden.<\/p>\n<h3>Weitergabe von Inhalten an Social-Media-Plattformen mittels Plugin<\/h3>\n<p>Der Inhalt meiner Website kann in sozialen Netzwerken wie Facebook, Twitter oder Google+ weitergegeben werden. Diese Seite verwendet ein sicheres Sharing-Tool, das den direkten Kontakt zwischen den Netzwerken und den Benutzern erst dann herstellt, wenn Sie auf eine dieser Schaltfl\u00e4chen klicken. Dieses Tool \u00fcbertr\u00e4gt die Benutzerdaten nicht automatisch an die Betreiber dieser Plattformen. Wenn Benutzer in einem oder mehreren der sozialen Netzwerke angemeldet sind, wird \u00fcber die Schaltfl\u00e4chen zum Teilen f\u00fcr Facebook, Google+1, Twitter usw. ein Informationsfenster angezeigt, in dem Sie den Text vor dem Senden bearbeiten k\u00f6nnen.<\/p>\n<h3>Online-Profile in Social-Media-Netzwerken<\/h3>\n<p>Ich unterhalte Online-Profile in sozialen Netzwerken, um mit Interessenten und &#8222;Freunden&#8220; zu kommunizieren und sie \u00fcber meine Dienstleistungen zu informieren. Ich m\u00f6chte Sie darauf hinweisen, dass Ihre Nutzerdaten au\u00dferhalb der Europ\u00e4ischen Union verarbeitet werden k\u00f6nnen, wenn Sie sich auf diesen Plattformen mit mir in Verbindung setzen. Dies kann Risiken f\u00fcr die Nutzerinnen und Nutzer mit sich bringen, weil beispielsweise die Durchsetzung der Nutzerrechte schwieriger sein k\u00f6nnte. In Bezug auf US-Anbieter, die nach dem Privacy Shield zertifiziert sind, m\u00f6chte ich darauf hinweisen, dass sie sich zur Einhaltung der EU-Datenschutzstandards verpflichten.<\/p>\n<p>Dar\u00fcber hinaus werden Nutzerdaten in der Regel zu Marktforschungs- und Werbezwecken verarbeitet. Das bedeutet, dass diese Unternehmen Profile auf der Grundlage Ihres Surfverhaltens und Ihrer angenommenen Interessen erstellen k\u00f6nnen. Diese Profile wiederum k\u00f6nnen z.B. dazu verwendet werden, um innerhalb und au\u00dferhalb der Plattformen Werbung zu platzieren, die vermutlich Ihren Interessen entspricht. F\u00fcr diese Zwecke werden in der Regel Cookies auf Ihrem Ger\u00e4t gespeichert, in denen Ihr Surfverhalten und Ihre Interessen gespeichert werden. Daten k\u00f6nnen auch unabh\u00e4ngig von den von Ihnen verwendeten Ger\u00e4ten gespeichert werden (insbesondere wenn Sie Mitglied der jeweiligen Plattformen sind und dort eingeloggt sind).<\/p>\n<p>Die Verarbeitung Ihrer pers\u00f6nlichen Daten beruht auf meinem berechtigten Interesse an einer effektiven Nutzerinformation und Kommunikation mit den Nutzern gem\u00e4\u00df DSGVO Art. 6 Absatz 1 Buchstabe f). Wenn Sie von den jeweiligen Anbietern um Ihre Einwilligung zur Datenverarbeitung gebeten werden (d.h. um Ihre Zustimmung durch Ankreuzen eines K\u00e4stchens oder Best\u00e4tigen durch Anklicken eines Buttons), ist die rechtliche Grundlage der Verarbeitung DSGVO Art. 6 Absatz 1 Buchstabe a) und Art. 7.<\/p>\n<p>F\u00fcr detaillierte Informationen bez\u00fcglich der jeweiligen Verarbeitung und der M\u00f6glichkeit des Opting-out schlage ich Ihnen vor, die folgenden Links zu besuchen und die von den jeweiligen Anbietern ver\u00f6ffentlichten Informationen zu lesen.<\/p>\n<p>Auch wenn Sie Informationen anfordern oder Ihre Nutzungsrechte wahrnehmen wollen, m\u00f6chte ich Sie darauf hinweisen, dass diese am effektivsten bei den Anbietern geltend gemacht werden k\u00f6nnen. Nur die Anbieter haben Zugang zu Ihren Daten und k\u00f6nnen direkt geeignete Ma\u00dfnahmen ergreifen und die von Ihnen ben\u00f6tigten Informationen zur Verf\u00fcgung stellen. Sollten Sie dennoch Hilfe ben\u00f6tigen, k\u00f6nnen Sie sich an mich wenden.<\/p>\n<ul>\n<li><strong>Facebook<\/strong> (Facebook Ireland Ltd., 4 Grand Canal Square, Grand Canal Harbour, Dublin 2, Irland) \u2013 <a href=\"https:\/\/www.facebook.com\/about\/privacy\/\" target=\"_blank\" rel=\"noopener noreferrer\">Privacy policy<\/a>, <a href=\"https:\/\/www.facebook.com\/ads\/preferences\/?entry_product=ad_settings_screen\" target=\"_blank\" rel=\"noopener noreferrer\">Opt-Out<\/a>, <a href=\"http:\/\/www.youronlinechoices.com\/\" target=\"_blank\" rel=\"noopener noreferrer\">www.youronlinechoices.com<\/a>, <a href=\"https:\/\/www.privacyshield.gov\/participant?id=a2zt0000000GnywAAC&amp;status=Active\" target=\"_blank\" rel=\"noopener noreferrer\">Privacy Shield<\/a>.<\/li>\n<li><strong>Google\/ YouTube<\/strong> (Google LLC, 1600 Amphitheatre Parkway, Mountain View, CA 94043, USA) \u2013 <a href=\"https:\/\/policies.google.com\/privacy\" target=\"_blank\" rel=\"noopener noreferrer\">Privacy policy<\/a>, <a href=\"https:\/\/adssettings.google.com\/authenticated\" target=\"_blank\" rel=\"noopener noreferrer\">Opt-Out<\/a>, <a href=\"https:\/\/www.privacyshield.gov\/participant?id=a2zt000000001L5AAI&amp;status=Active\" target=\"_blank\" rel=\"noopener noreferrer\">Privacy Shield<\/a>.<\/li>\n<li><strong>Instagram<\/strong> (Instagram Inc., 1601 Willow Road, Menlo Park, CA, 94025, USA) \u2013 <a href=\"https:\/\/help.instagram.com\/155833707900388\" target=\"_blank\" rel=\"noopener noreferrer\">Privacy policy\/ Opt-Out<\/a>.<\/li>\n<li><strong>Twitter<\/strong> (Twitter Inc., 1355 Market Street, Suite 900, San Francisco, CA 94103, USA) \u2013 <a href=\"https:\/\/twitter.com\/en\/privacy\" target=\"_blank\" rel=\"noopener noreferrer\">Privacy policy<\/a>, <a href=\"https:\/\/twitter.com\/personalization\" target=\"_blank\" rel=\"noopener noreferrer\">Opt-Out<\/a>, <a href=\"https:\/\/www.privacyshield.gov\/participant?id=a2zt0000000TORzAAO&amp;status=Active\" target=\"_blank\" rel=\"noopener noreferrer\">Privacy Shield<\/a>.<\/li>\n<\/ul>\n<h3>YouTube<\/h3>\n<p>Meine Website kann Videos anzeigen, die auf YouTube gehostet werden, das von Google betrieben wird. Der Betreiber der Seiten ist YouTube LLC, 901 Cherry Ave., San Bruno, CA 94066, USA. Wenn Sie eine meiner Seiten mit einem YouTube-Video besuchen, wird eine Verbindung zu den YouTube-Servern erst dann hergestellt, wenn Sie aktiv auf die Play-Schaltfl\u00e4che geklickt haben. Wenn Sie sich Videos ansehen, die auf YouTube gehostet werden, erfahren die Server von YouTube, welche meiner Seiten Sie besucht haben.<\/p>\n<p>YouTube dient dazu, meine Website ansprechend zu gestalten. Dies stellt ein berechtigtes Interesse im Sinne von DSGVO Art. 6 Absatz 1 Buchstabe f) ein berechtigtes Interesse.<\/p>\n<p>Weitere Informationen zum Umgang mit Nutzerdaten finden Sie in der <a href=\"https:\/\/www.google.de\/intl\/de\/policies\/privacy\" target=\"_blank\" rel=\"noopener noreferrer\">YouTube Datenschutzerkl\u00e4rung<\/a>.<\/p>\n<h3><span>Manage WP<\/span><\/h3>\n<p>Um meine Website zu pflegen, verwendet meine Webdesignerin Manage WP, das von GoDaddy.com Manage WP, Trg republike 5, 11000 Belgrad, Serbien, betrieben wird. Die Backups werden auf Servern in Europa gespeichert. Backups werden normalerweise f\u00fcr eine maximale Dauer von 60 Tagen aufbewahrt, um sicherzustellen, dass meine Website immer sicher zu benutzen, auf dem neuesten Stand ist und jederzeit funktioniert.<\/p>\n<p>Dies stellt ein berechtigtes Interesse im Sinne von DSGVO Art. 6 Absatz 1 Buchstabe f) dar.<\/p>\n<p>Weitere Informationen finden Sie unter <a href=\"https:\/\/managewp.com\/privacy\" target=\"_blank\" rel=\"noopener noreferrer\">www.managewp.com\/privacy<\/a>.<\/p>\n<p>[\/et_pb_text][\/et_pb_column][\/et_pb_row][\/et_pb_section]<\/p>\n","protected":false},"excerpt":{"rendered":"<p>Datenschutzerkl\u00e4rung Pr\u00e4ambel Im Folgenden erfahren Sie, was mit Ihren pers\u00f6nlichen Daten geschieht, wenn Sie meine Website besuchen. Pers\u00f6nliche Informationen sind alle Daten, mit denen Sie pers\u00f6nlich identifiziert werden k\u00f6nnen, z.B. Ihre E-Mail-Adresse, Ihr Name, etc. Als Verantwortliche muss ich Ihnen mitteilen, warum ich Ihre Daten sammle und wie ich sie verarbeite. Da ich Ihre Privatsph\u00e4re [&hellip;]<\/p>\n","protected":false},"author":2,"featured_media":0,"parent":0,"menu_order":120,"comment_status":"closed","ping_status":"closed","template":"","meta":{"_seopress_robots_primary_cat":"","_seopress_titles_title":"","_seopress_titles_desc":"","_seopress_robots_index":"","_et_pb_use_builder":"on","_et_pb_old_content":"","_et_gb_content_width":"","footnotes":""},"class_list":["post-216","page","type-page","status-publish","hentry"],"_links":{"self":[{"href":"https:\/\/robertaaresu.it\/de\/wp-json\/wp\/v2\/pages\/216","targetHints":{"allow":["GET"]}}],"collection":[{"href":"https:\/\/robertaaresu.it\/de\/wp-json\/wp\/v2\/pages"}],"about":[{"href":"https:\/\/robertaaresu.it\/de\/wp-json\/wp\/v2\/types\/page"}],"author":[{"embeddable":true,"href":"https:\/\/robertaaresu.it\/de\/wp-json\/wp\/v2\/users\/2"}],"replies":[{"embeddable":true,"href":"https:\/\/robertaaresu.it\/de\/wp-json\/wp\/v2\/comments?post=216"}],"version-history":[{"count":5,"href":"https:\/\/robertaaresu.it\/de\/wp-json\/wp\/v2\/pages\/216\/revisions"}],"predecessor-version":[{"id":446,"href":"https:\/\/robertaaresu.it\/de\/wp-json\/wp\/v2\/pages\/216\/revisions\/446"}],"wp:attachment":[{"href":"https:\/\/robertaaresu.it\/de\/wp-json\/wp\/v2\/media?parent=216"}],"curies":[{"name":"wp","href":"https:\/\/api.w.org\/{rel}","templated":true}]}}